{"id":59,"date":"2019-03-05T19:32:23","date_gmt":"2019-03-05T19:32:23","guid":{"rendered":"https:\/\/gtel.ch\/?page_id=59"},"modified":"2021-08-01T15:32:58","modified_gmt":"2021-08-01T15:32:58","slug":"informacion","status":"publish","type":"page","link":"https:\/\/gtel.ch\/","title":{"rendered":"INFORMACION"},"content":{"rendered":"<p>[et_pb_section fb_built=\u00a0\u00bb1&Prime; _builder_version=\u00a0\u00bb4.9.10&Prime; _module_preset=\u00a0\u00bbdefault\u00a0\u00bb][et_pb_row _builder_version=\u00a0\u00bb4.9.10&Prime; _module_preset=\u00a0\u00bbdefault\u00a0\u00bb][et_pb_column type=\u00a0\u00bb4_4&Prime; _builder_version=\u00a0\u00bb4.9.10&Prime; _module_preset=\u00a0\u00bbdefault\u00a0\u00bb][et_pb_text _builder_version=\u00a0\u00bb4.9.10&Prime; _module_preset=\u00a0\u00bbdefault\u00a0\u00bb]<\/p>\n<p>[ES]<br \/>Despu\u00e9s de 35 a\u00f1os de actividad, los socios del Grupo de Teatro Espa\u00f1ol de Lausanne decidieron disolver la asociaci\u00f3n seg\u00fan lo dispuesto en sus estatutos.\u00a0<\/p>\n<p>[FR]<br \/>Apr\u00e8s 35 ans d&rsquo;activit\u00e9, les membres du Groupe de Th\u00e9\u00e2tre Espagnol de Lausanne ont d\u00e9cid\u00e9 de dissoudre l&rsquo;association selon les modalit\u00e9s pr\u00e9vues dans leurs statuts.<\/p>\n<p>[\/et_pb_text][\/et_pb_column][\/et_pb_row][\/et_pb_section]<\/p>\n","protected":false},"excerpt":{"rendered":"<p>[ES]Despu\u00e9s de 35 a\u00f1os de actividad, los socios del Grupo de Teatro Espa\u00f1ol de Lausanne decidieron disolver la asociaci\u00f3n seg\u00fan lo dispuesto en sus estatutos.\u00a0 [FR]Apr\u00e8s 35 ans d&rsquo;activit\u00e9, les membres du Groupe de Th\u00e9\u00e2tre Espagnol de Lausanne ont d\u00e9cid\u00e9 de dissoudre l&rsquo;association selon les modalit\u00e9s pr\u00e9vues dans leurs statuts.<\/p>\n","protected":false},"author":2,"featured_media":0,"parent":0,"menu_order":0,"comment_status":"closed","ping_status":"closed","template":"","meta":{"_et_pb_use_builder":"on","_et_pb_old_content":"","_et_gb_content_width":""},"_links":{"self":[{"href":"https:\/\/gtel.ch\/index.php\/wp-json\/wp\/v2\/pages\/59"}],"collection":[{"href":"https:\/\/gtel.ch\/index.php\/wp-json\/wp\/v2\/pages"}],"about":[{"href":"https:\/\/gtel.ch\/index.php\/wp-json\/wp\/v2\/types\/page"}],"author":[{"embeddable":true,"href":"https:\/\/gtel.ch\/index.php\/wp-json\/wp\/v2\/users\/2"}],"replies":[{"embeddable":true,"href":"https:\/\/gtel.ch\/index.php\/wp-json\/wp\/v2\/comments?post=59"}],"version-history":[{"count":17,"href":"https:\/\/gtel.ch\/index.php\/wp-json\/wp\/v2\/pages\/59\/revisions"}],"predecessor-version":[{"id":200,"href":"https:\/\/gtel.ch\/index.php\/wp-json\/wp\/v2\/pages\/59\/revisions\/200"}],"wp:attachment":[{"href":"https:\/\/gtel.ch\/index.php\/wp-json\/wp\/v2\/media?parent=59"}],"curies":[{"name":"wp","href":"https:\/\/api.w.org\/{rel}","templated":true}]}}